{"id":806,"date":"2024-07-03T08:47:20","date_gmt":"2024-07-03T06:47:20","guid":{"rendered":"https:\/\/algae-culture.fr\/?page_id=806"},"modified":"2024-07-03T10:15:55","modified_gmt":"2024-07-03T08:15:55","slug":"actualites","status":"publish","type":"page","link":"https:\/\/algae-culture.fr\/?page_id=806","title":{"rendered":"Actualit\u00e9s"},"content":{"rendered":"\n<p>Voici les derni\u00e8res actualit\u00e9s publi\u00e9es sur notre page LinkedIn!!<\/p>\n\n\n\n<iframe loading=\"lazy\" src=\"https:\/\/www.linkedin.com\/embed\/feed\/update\/urn:li:share:7213822234052730880\" height=\"186\" width=\"504\" frameborder=\"0\" allowfullscreen=\"\" title=\"Post int\u00e9gr\u00e9\"><\/iframe>\n","protected":false},"excerpt":{"rendered":"<p>Voici les derni\u00e8res actualit\u00e9s publi\u00e9es sur notre page LinkedIn!!<\/p>\n","protected":false},"author":1,"featured_media":0,"parent":0,"menu_order":0,"comment_status":"closed","ping_status":"closed","template":"","meta":{"_kadence_starter_templates_imported_post":false,"_kad_post_transparent":"","_kad_post_title":"","_kad_post_layout":"","_kad_post_sidebar_id":"","_kad_post_content_style":"","_kad_post_vertical_padding":"","_kad_post_feature":"","_kad_post_feature_position":"","_kad_post_header":false,"_kad_post_footer":false,"footnotes":""},"class_list":["post-806","page","type-page","status-publish","hentry"],"_links":{"self":[{"href":"https:\/\/algae-culture.fr\/index.php?rest_route=\/wp\/v2\/pages\/806"}],"collection":[{"href":"https:\/\/algae-culture.fr\/index.php?rest_route=\/wp\/v2\/pages"}],"about":[{"href":"https:\/\/algae-culture.fr\/index.php?rest_route=\/wp\/v2\/types\/page"}],"author":[{"embeddable":true,"href":"https:\/\/algae-culture.fr\/index.php?rest_route=\/wp\/v2\/users\/1"}],"replies":[{"embeddable":true,"href":"https:\/\/algae-culture.fr\/index.php?rest_route=%2Fwp%2Fv2%2Fcomments&post=806"}],"version-history":[{"count":5,"href":"https:\/\/algae-culture.fr\/index.php?rest_route=\/wp\/v2\/pages\/806\/revisions"}],"predecessor-version":[{"id":830,"href":"https:\/\/algae-culture.fr\/index.php?rest_route=\/wp\/v2\/pages\/806\/revisions\/830"}],"wp:attachment":[{"href":"https:\/\/algae-culture.fr\/index.php?rest_route=%2Fwp%2Fv2%2Fmedia&parent=806"}],"curies":[{"name":"wp","href":"https:\/\/api.w.org\/{rel}","templated":true}]}}