{"id":340,"date":"2021-09-07T10:50:28","date_gmt":"2021-09-07T10:50:28","guid":{"rendered":"https:\/\/kits.themecy.com\/memberships-3\/?page_id=5"},"modified":"2024-08-16T15:59:52","modified_gmt":"2024-08-16T13:59:52","slug":"home","status":"publish","type":"page","link":"https:\/\/algae-culture.fr\/","title":{"rendered":"Accueil"},"content":{"rendered":"<style>.kb-row-layout-id340_8c18a4-dc > .kt-row-column-wrap{align-content:start;}:where(.kb-row-layout-id340_8c18a4-dc > .kt-row-column-wrap) > .wp-block-kadence-column{justify-content:start;}.kb-row-layout-id340_8c18a4-dc > .kt-row-column-wrap{column-gap:20px;row-gap:var(--global-kb-gap-md, 2rem);max-width:var( --global-content-width, 1290px );padding-left:var(--global-content-edge-padding);padding-right:var(--global-content-edge-padding);padding-top:107px;padding-right:20px;padding-bottom:80px;padding-left:20px;grid-template-columns:minmax(0, calc(63.9% - ((20px * 1 )\/2)))minmax(0, calc(36.1% - ((20px * 1 )\/2)));}.kb-row-layout-id340_8c18a4-dc > .kt-row-layout-overlay{opacity:0.70;background:linear-gradient(270deg, var(--global-palette7) 33%, var(--global-palette9) 27%);}@media all and (max-width: 1024px){.kb-row-layout-id340_8c18a4-dc > .kt-row-column-wrap{padding-top:80px;padding-right:30px;padding-bottom:60px;padding-left:30px;grid-template-columns:minmax(0, 1fr);}}@media all and (max-width: 767px){.kb-row-layout-id340_8c18a4-dc > .kt-row-column-wrap{padding-top:60px;padding-right:30px;padding-bottom:20px;padding-left:30px;grid-template-columns:minmax(0, 1fr);}}<\/style><div class=\"kb-row-layout-wrap kb-row-layout-id340_8c18a4-dc alignnone kt-row-has-bg wp-block-kadence-rowlayout\"><div class=\"kt-row-layout-overlay kt-row-overlay-gradient\"><\/div><div class=\"kt-row-column-wrap kt-has-2-columns kt-row-layout-equal kt-tab-layout-row kt-mobile-layout-row kt-row-valign-top kb-theme-content-width\">\n<style>.kadence-column340_3b2a9e-f0 > .kt-inside-inner-col,.kadence-column340_3b2a9e-f0 > .kt-inside-inner-col:before{border-top-left-radius:0px;border-top-right-radius:0px;border-bottom-right-radius:0px;border-bottom-left-radius:0px;}.kadence-column340_3b2a9e-f0 > .kt-inside-inner-col{column-gap:var(--global-kb-gap-sm, 1rem);}.kadence-column340_3b2a9e-f0 > .kt-inside-inner-col{flex-direction:column;}.kadence-column340_3b2a9e-f0 > .kt-inside-inner-col > .aligncenter{width:100%;}.kadence-column340_3b2a9e-f0 > .kt-inside-inner-col:before{opacity:0.3;}.kadence-column340_3b2a9e-f0{z-index:10;position:relative;}.kadence-column340_3b2a9e-f0, .kt-inside-inner-col > .kadence-column340_3b2a9e-f0:not(.specificity){margin-right:30px;}@media all and (max-width: 1024px){.kadence-column340_3b2a9e-f0 > .kt-inside-inner-col{flex-direction:column;justify-content:center;}}@media all and (max-width: 1024px){.kadence-column340_3b2a9e-f0, .kt-inside-inner-col > .kadence-column340_3b2a9e-f0:not(.specificity){margin-right:30px;margin-left:30px;}}@media all and (max-width: 767px){.kadence-column340_3b2a9e-f0 > .kt-inside-inner-col{flex-direction:column;justify-content:center;}.kadence-column340_3b2a9e-f0, .kt-inside-inner-col > .kadence-column340_3b2a9e-f0:not(.specificity){margin-right:0px;margin-left:0px;}}<\/style>\n<div class=\"wp-block-kadence-column kadence-column340_3b2a9e-f0 inner-column-1\"><div class=\"kt-inside-inner-col\">\n<p>Le 21i\u00e8me si\u00e8cle est une p\u00e9riode charni\u00e8re dans la relation que l\u2019homme entretient avec la nature. Apr\u00e8s avoir support\u00e9 pendant plusieurs si\u00e8cles les progr\u00e8s sociaux, techniques et \u00e9conomiques de l\u2019humanit\u00e9, la plan\u00e8te demande du r\u00e9pit. Il est indispensable de repenser notre rapport au monde mat\u00e9riel, \u00e0 la mati\u00e8re.<\/p>\n\n\n\n<p> Ainsi, les produits issus de mati\u00e8res premi\u00e8res fossiles doivent \u00eatre utilis\u00e9es de mani\u00e8re raisonn\u00e9e et doivent \u00eatre substitu\u00e9es par des mati\u00e8res biosourc\u00e9es, durables et sans risques sanitaires. Au del\u00e0 des produits, le cycle de vie de la mati\u00e8re doit \u00eatre \u00e9tendu en ajoutant de nouveau usage \u00e0 nos d\u00e9chets. Enfin, les cha\u00eenes logistiques doivent \u00eatre raccourcies pour localiser la production des mati\u00e8res au plus proche des consommateurs.<\/p>\n\n\n\n<p>N\u00e9e de ces constats, notre entreprise souhaite apporter son expertise et son \u00e9nergie au d\u00e9veloppement d&#8217;un monde plus durable.<\/p>\n\n\n\n<p>Notre objectif est de soutenir l&#8217;\u00e9conomie en proposant des solutions innovantes permettant la <strong>r\u00e9duction des d\u00e9chets<\/strong> et le <strong>surcyclage des mati\u00e8res<\/strong>.<\/p>\n\n\n\n<p>Algae-culture d\u00e9veloppe et rend accessible les mati\u00e8res premi\u00e8res low-tech issues de la culture des <strong>micro-organismes<\/strong>. Inspir\u00e9 de la nature, le <strong>processus de production<\/strong> brevet\u00e9 ARCHEAN permet de valoriser les effluents liquides de nos industries alimentaires en mati\u00e8res biosourc\u00e9es, locales et biod\u00e9gradables.<\/p>\n\n\n<style>.wp-block-kadence-advancedheading.kt-adv-heading340_68ae07-1b, .wp-block-kadence-advancedheading.kt-adv-heading340_68ae07-1b[data-kb-block=\"kb-adv-heading340_68ae07-1b\"]{font-style:normal;}.wp-block-kadence-advancedheading.kt-adv-heading340_68ae07-1b mark.kt-highlight, .wp-block-kadence-advancedheading.kt-adv-heading340_68ae07-1b[data-kb-block=\"kb-adv-heading340_68ae07-1b\"] mark.kt-highlight{font-style:normal;color:#f76a0c;-webkit-box-decoration-break:clone;box-decoration-break:clone;padding-top:0px;padding-right:0px;padding-bottom:0px;padding-left:0px;}.wp-block-kadence-advancedheading.kt-adv-heading340_68ae07-1b img.kb-inline-image, .wp-block-kadence-advancedheading.kt-adv-heading340_68ae07-1b[data-kb-block=\"kb-adv-heading340_68ae07-1b\"] img.kb-inline-image{width:150px;vertical-align:baseline;}@media all and (max-width: 1024px){.wp-block-kadence-advancedheading.kt-adv-heading340_68ae07-1b, .wp-block-kadence-advancedheading.kt-adv-heading340_68ae07-1b[data-kb-block=\"kb-adv-heading340_68ae07-1b\"]{text-align:center!important;}}@media all and (max-width: 767px){.wp-block-kadence-advancedheading.kt-adv-heading340_68ae07-1b, .wp-block-kadence-advancedheading.kt-adv-heading340_68ae07-1b[data-kb-block=\"kb-adv-heading340_68ae07-1b\"]{text-align:center!important;}}<\/style>\n<p class=\"kt-adv-heading340_68ae07-1b wp-block-kadence-advancedheading\" data-kb-block=\"kb-adv-heading340_68ae07-1b\"><a href=\"https:\/\/startertemplatecloud.com\/e29\/#\"><\/a><\/p>\n<\/div><\/div>\n\n\n<style>.kadence-column340_379388-55 > .kt-inside-inner-col,.kadence-column340_379388-55 > .kt-inside-inner-col:before{border-top-left-radius:0px;border-top-right-radius:0px;border-bottom-right-radius:0px;border-bottom-left-radius:0px;}.kadence-column340_379388-55 > .kt-inside-inner-col{column-gap:var(--global-kb-gap-sm, 1rem);}.kadence-column340_379388-55 > .kt-inside-inner-col{flex-direction:column;}.kadence-column340_379388-55 > .kt-inside-inner-col > .aligncenter{width:100%;}.kadence-column340_379388-55 > .kt-inside-inner-col:before{opacity:0.3;}.kadence-column340_379388-55{position:relative;}@media all and (max-width: 1024px){.kadence-column340_379388-55 > .kt-inside-inner-col{flex-direction:column;justify-content:center;}}@media all and (max-width: 767px){.kadence-column340_379388-55 > .kt-inside-inner-col{flex-direction:column;justify-content:center;}}<\/style>\n<div class=\"wp-block-kadence-column kadence-column340_379388-55\"><div class=\"kt-inside-inner-col\">\n<figure class=\"wp-block-image size-full\"><img loading=\"lazy\" decoding=\"async\" width=\"500\" height=\"326\" src=\"https:\/\/algae-culture.fr\/wp-content\/uploads\/2023\/12\/microscope_alone.jpg\" alt=\"\" class=\"wp-image-725\" srcset=\"https:\/\/algae-culture.fr\/wp-content\/uploads\/2023\/12\/microscope_alone.jpg 500w, https:\/\/algae-culture.fr\/wp-content\/uploads\/2023\/12\/microscope_alone-300x196.jpg 300w\" sizes=\"(max-width: 500px) 100vw, 500px\" \/><\/figure>\n<\/div><\/div>\n\n\n<style>.kadence-column340_eb332e-30 > .kt-inside-inner-col,.kadence-column340_eb332e-30 > .kt-inside-inner-col:before{border-top-left-radius:0px;border-top-right-radius:0px;border-bottom-right-radius:0px;border-bottom-left-radius:0px;}.kadence-column340_eb332e-30 > .kt-inside-inner-col{column-gap:var(--global-kb-gap-sm, 1rem);}.kadence-column340_eb332e-30 > .kt-inside-inner-col{flex-direction:column;}.kadence-column340_eb332e-30 > .kt-inside-inner-col > .aligncenter{width:100%;}.kadence-column340_eb332e-30 > .kt-inside-inner-col:before{opacity:0.3;}.kadence-column340_eb332e-30{position:relative;}@media all and (max-width: 1024px){.kadence-column340_eb332e-30 > .kt-inside-inner-col{flex-direction:column;justify-content:center;}}@media all and (max-width: 767px){.kadence-column340_eb332e-30 > .kt-inside-inner-col{flex-direction:column;justify-content:center;}}<\/style>\n<div class=\"wp-block-kadence-column kadence-column340_eb332e-30\"><div class=\"kt-inside-inner-col\">\n<figure class=\"wp-block-video\"><video controls src=\"https:\/\/algae-culture.fr\/wp-content\/uploads\/2024\/08\/Algae-Culture-valorisation-effluents-presentation-1.mp4\" playsinline><\/video><\/figure>\n<\/div><\/div>\n\n<\/div><\/div>","protected":false},"excerpt":{"rendered":"<p>Le 21i\u00e8me si\u00e8cle est une p\u00e9riode charni\u00e8re dans la relation que l\u2019homme entretient avec la nature. Apr\u00e8s avoir support\u00e9 pendant plusieurs si\u00e8cles les progr\u00e8s sociaux, techniques et \u00e9conomiques de l\u2019humanit\u00e9, la plan\u00e8te demande du r\u00e9pit. Il est indispensable de repenser notre rapport au monde mat\u00e9riel, \u00e0 la mati\u00e8re. Ainsi, les produits issus de mati\u00e8res premi\u00e8res&#8230;<\/p>\n","protected":false},"author":1,"featured_media":680,"parent":0,"menu_order":0,"comment_status":"closed","ping_status":"closed","template":"","meta":{"_kadence_starter_templates_imported_post":true,"_kad_post_transparent":"","_kad_post_title":"hide","_kad_post_layout":"fullwidth","_kad_post_sidebar_id":"","_kad_post_content_style":"unboxed","_kad_post_vertical_padding":"hide","_kad_post_feature":"hide","_kad_post_feature_position":"","_kad_post_header":false,"_kad_post_footer":false,"footnotes":""},"class_list":["post-340","page","type-page","status-publish","has-post-thumbnail","hentry"],"_links":{"self":[{"href":"https:\/\/algae-culture.fr\/index.php?rest_route=\/wp\/v2\/pages\/340"}],"collection":[{"href":"https:\/\/algae-culture.fr\/index.php?rest_route=\/wp\/v2\/pages"}],"about":[{"href":"https:\/\/algae-culture.fr\/index.php?rest_route=\/wp\/v2\/types\/page"}],"author":[{"embeddable":true,"href":"https:\/\/algae-culture.fr\/index.php?rest_route=\/wp\/v2\/users\/1"}],"replies":[{"embeddable":true,"href":"https:\/\/algae-culture.fr\/index.php?rest_route=%2Fwp%2Fv2%2Fcomments&post=340"}],"version-history":[{"count":27,"href":"https:\/\/algae-culture.fr\/index.php?rest_route=\/wp\/v2\/pages\/340\/revisions"}],"predecessor-version":[{"id":904,"href":"https:\/\/algae-culture.fr\/index.php?rest_route=\/wp\/v2\/pages\/340\/revisions\/904"}],"wp:featuredmedia":[{"embeddable":true,"href":"https:\/\/algae-culture.fr\/index.php?rest_route=\/wp\/v2\/media\/680"}],"wp:attachment":[{"href":"https:\/\/algae-culture.fr\/index.php?rest_route=%2Fwp%2Fv2%2Fmedia&parent=340"}],"curies":[{"name":"wp","href":"https:\/\/api.w.org\/{rel}","templated":true}]}}