{"id":105,"date":"2021-10-30T10:09:46","date_gmt":"2021-10-30T10:09:46","guid":{"rendered":"https:\/\/kits.themecy.com\/memberships-3\/?page_id=105"},"modified":"2024-08-21T15:36:04","modified_gmt":"2024-08-21T13:36:04","slug":"our-portfolio","status":"publish","type":"page","link":"https:\/\/algae-culture.fr\/?page_id=105","title":{"rendered":"Projet"},"content":{"rendered":"\n<h2 class=\"wp-block-heading alignwide\">Introduction<\/h2>\n\n\n\n<figure class=\"wp-block-video\"><video controls src=\"https:\/\/algae-culture.fr\/wp-content\/uploads\/2024\/08\/Algae-Culture-micro-organisme-presentation.mp4\" playsinline><\/video><\/figure>\n\n\n\n<h2 class=\"wp-block-heading alignwide has-text-align-left\">Projet Archean<\/h2>\n\n\n\n<p class=\"has-text-align-left\">Le Projet Archean consiste en la mise en service progressive d&#8217;un processus de production brevet\u00e9 compos\u00e9 de deux lignes de production:<\/p>\n\n\n\n<div class=\"wp-block-columns alignwide are-vertically-aligned-top is-layout-flex wp-container-core-columns-is-layout-1 wp-block-columns-is-layout-flex\">\n<div class=\"wp-block-column is-vertically-aligned-top is-layout-flow wp-block-column-is-layout-flow\">\n<div class=\"wp-block-group wp-container-content-2 is-vertical is-content-justification-left is-nowrap is-layout-flex wp-container-core-group-is-layout-2 wp-block-group-is-layout-flex\" style=\"margin-top:0;margin-bottom:0\">\n<div class=\"wp-block-group is-vertical is-nowrap is-layout-flex wp-container-core-group-is-layout-1 wp-block-group-is-layout-flex\">\n<p class=\"has-medium-font-size\"><strong>Culture de micro-algues<\/strong><\/p>\n\n\n\n<pre class=\"wp-block-preformatted has-small-font-size\">La culture de micro-algues en environnement control\u00e9 permet de consomm\u00e9 les nutriments contenus dans les \u00e9ffluents liquides. Le cycle de culture semi-continu permet une production \u00e0 rendement optimal. Apr\u00e8s s\u00e9paration du milieu de culture, les micro-algues sont r\u00e9colt\u00e9es pour cr\u00e9er la biomasse de base \u00e0 la fabrication de nos produits.<\/pre>\n<\/div>\n\n\n\n<figure class=\"wp-block-image size-full wp-container-content-1\"><img loading=\"lazy\" decoding=\"async\" width=\"886\" height=\"623\" src=\"https:\/\/algae-culture.fr\/wp-content\/uploads\/2024\/07\/Photobioreactor_PBR_4000_G_IGV_Biotech.jpg\" alt=\"\" class=\"wp-image-867\" srcset=\"https:\/\/algae-culture.fr\/wp-content\/uploads\/2024\/07\/Photobioreactor_PBR_4000_G_IGV_Biotech.jpg 886w, https:\/\/algae-culture.fr\/wp-content\/uploads\/2024\/07\/Photobioreactor_PBR_4000_G_IGV_Biotech-300x211.jpg 300w, https:\/\/algae-culture.fr\/wp-content\/uploads\/2024\/07\/Photobioreactor_PBR_4000_G_IGV_Biotech-768x540.jpg 768w\" sizes=\"(max-width: 886px) 100vw, 886px\" \/><\/figure>\n<\/div>\n<\/div>\n\n\n\n<div class=\"wp-block-column is-vertically-aligned-top is-layout-flow wp-block-column-is-layout-flow\">\n<div class=\"wp-block-group wp-container-content-3 is-vertical is-layout-flex wp-container-core-group-is-layout-4 wp-block-group-is-layout-flex\" style=\"margin-top:0;margin-bottom:0\">\n<div class=\"wp-block-group is-vertical is-nowrap is-layout-flex wp-container-core-group-is-layout-3 wp-block-group-is-layout-flex\">\n<p class=\"has-medium-font-size\"><strong>Fermentation bact\u00e9rienne<\/strong><\/p>\n\n\n\n<pre class=\"wp-block-preformatted has-small-font-size\">La fermentation bact\u00e9rienne permet de consomm\u00e9 les nutriments contenus dnas les \u00e9ffluents liquides. Apr\u00e8s s\u00e9paration et traitement chimique, il est possible d'isoler les composants d'un plastique biosourc\u00e9.<br><br><br><\/pre>\n<\/div>\n\n\n\n<figure class=\"wp-block-image size-full is-resized\" style=\"font-size:14px\"><img loading=\"lazy\" decoding=\"async\" width=\"1024\" height=\"680\" src=\"https:\/\/algae-culture.fr\/wp-content\/uploads\/2024\/07\/fermentation.jpg\" alt=\"\" class=\"wp-image-868\" style=\"width:720px;height:auto\" srcset=\"https:\/\/algae-culture.fr\/wp-content\/uploads\/2024\/07\/fermentation.jpg 1024w, https:\/\/algae-culture.fr\/wp-content\/uploads\/2024\/07\/fermentation-300x199.jpg 300w, https:\/\/algae-culture.fr\/wp-content\/uploads\/2024\/07\/fermentation-768x510.jpg 768w\" sizes=\"(max-width: 1024px) 100vw, 1024px\" \/><\/figure>\n<\/div>\n<\/div>\n<\/div>\n\n\n\n<p class=\"has-text-align-left\">La mise en oeuvre de ce projet requiert quatre phases majeures du processus d&#8217;industrialisation:<\/p>\n\n\n\n<div class=\"wp-block-columns alignwide is-layout-flex wp-container-core-columns-is-layout-2 wp-block-columns-is-layout-flex\" style=\"margin-bottom:0\">\n<div class=\"wp-block-column has-text-color has-background has-link-color wp-elements-ea98fff92e941c4427cd92b47b09b6f2 is-layout-flow wp-block-column-is-layout-flow\" style=\"color:#000000;background-color:#7d95ff;padding-top:2em;padding-right:2em;padding-bottom:2em;padding-left:2em\">\n<h2 class=\"wp-block-heading\" id=\"single\" style=\"font-size:40px\"><strong>0: Amor\u00e7age<\/strong><\/h2>\n\n\n\n<p class=\"has-normal-font-size\" style=\"line-height:1.5\"><strong> <\/strong><\/p>\n\n\n\n<hr class=\"wp-block-separator has-text-color has-css-opacity has-background is-style-wide\" style=\"background-color:#000000;color:#000000\"\/>\n\n\n\n<ul class=\"wp-block-list has-normal-font-size\">\n<li>Mont\u00e9e en capitale<\/li>\n\n\n\n<li>Onboarding des partenaires<\/li>\n\n\n\n<li>Installation dans les locaux<\/li>\n<\/ul>\n\n\n\n<div class=\"wp-block-buttons is-horizontal is-content-justification-center is-layout-flex wp-container-core-buttons-is-layout-1 wp-block-buttons-is-layout-flex\">\n<div class=\"wp-block-button has-custom-width wp-block-button__width-100\"><a class=\"wp-block-button__link has-white-color has-text-color has-background no-border-radius wp-element-button\" style=\"background-color:#000000\">M1-M6<\/a><\/div>\n<\/div>\n<\/div>\n\n\n\n<div class=\"wp-block-column has-text-color has-background has-link-color wp-elements-c530f5b56c6b1a0c96c94c8a99c58359 is-layout-flow wp-block-column-is-layout-flow\" style=\"color:#000000;background-color:#ff817d;padding-top:2em;padding-right:2em;padding-bottom:2em;padding-left:2em\">\n<h2 class=\"wp-block-heading\" id=\"single\" style=\"font-size:40px\"><strong>1: Pilote<\/strong><\/h2>\n\n\n\n<p class=\"has-normal-font-size\" style=\"line-height:1.5\"><strong> <\/strong><\/p>\n\n\n\n<hr class=\"wp-block-separator has-text-color has-css-opacity has-background is-style-wide\" style=\"background-color:#000000;color:#000000\"\/>\n\n\n\n<ul class=\"wp-block-list has-normal-font-size\">\n<li>Installation ligne simplifi\u00e9e<\/li>\n\n\n\n<li>Production d&#8217;echantillons<\/li>\n\n\n\n<li>Autorisations de production<\/li>\n<\/ul>\n\n\n\n<div class=\"wp-block-buttons is-horizontal is-content-justification-center is-layout-flex wp-container-core-buttons-is-layout-2 wp-block-buttons-is-layout-flex\">\n<div class=\"wp-block-button has-custom-width wp-block-button__width-100\"><a class=\"wp-block-button__link has-white-color has-text-color has-background no-border-radius wp-element-button\" style=\"background-color:#000000\">M7-M18<\/a><\/div>\n<\/div>\n<\/div>\n\n\n\n<div class=\"wp-block-column has-text-color has-background has-link-color wp-elements-63571615d3aed0e43807bdc273429438 is-layout-flow wp-block-column-is-layout-flow\" style=\"color:#000000;background-color:#f3b631;padding-top:2em;padding-right:2em;padding-bottom:2em;padding-left:2em\">\n<h2 class=\"wp-block-heading\" id=\"family\" style=\"font-size:40px\"><bdo lang=\"fr\" dir=\"ltr\"><strong>2: <\/strong><\/bdo>Ramp-up<\/h2>\n\n\n\n<p class=\"has-normal-font-size\" style=\"line-height:1.5\"><strong> <\/strong><\/p>\n\n\n\n<hr class=\"wp-block-separator has-css-opacity is-style-wide\"\/>\n\n\n\n<ul class=\"wp-block-list has-normal-font-size\">\n<li>Installation de la ligne d\u00e9finitive<\/li>\n\n\n\n<li>Production<\/li>\n\n\n\n<li>Livraison des premiers produits<\/li>\n<\/ul>\n\n\n\n<div class=\"wp-block-buttons is-horizontal is-content-justification-center is-layout-flex wp-container-core-buttons-is-layout-3 wp-block-buttons-is-layout-flex\">\n<div class=\"wp-block-button has-custom-width wp-block-button__width-100 is-style-fill\"><a class=\"wp-block-button__link has-white-color has-text-color has-background no-border-radius wp-element-button\" style=\"background-color:#000000\">M19-m30<\/a><\/div>\n<\/div>\n<\/div>\n\n\n\n<div class=\"wp-block-column has-theme-palette-1-background-color has-text-color has-background has-link-color wp-elements-7724880d3ca19f88b1e73a5d4a82884f is-layout-flow wp-block-column-is-layout-flow\" style=\"color:#000000;padding-top:2em;padding-right:2em;padding-bottom:2em;padding-left:2em\">\n<h2 class=\"wp-block-heading\" id=\"patron\" style=\"font-size:40px\"><strong>3: Production<\/strong><\/h2>\n\n\n\n<p class=\"has-normal-font-size\"><strong> <\/strong><\/p>\n\n\n\n<hr class=\"wp-block-separator has-css-opacity is-style-wide\"\/>\n\n\n\n<ul class=\"wp-block-list has-normal-font-size\">\n<li>Diversification des produits<\/li>\n\n\n\n<li>Production au capacitaire<\/li>\n\n\n\n<li>Maturit\u00e9 technique<\/li>\n<\/ul>\n\n\n\n<div class=\"wp-block-buttons is-horizontal is-content-justification-center is-layout-flex wp-container-core-buttons-is-layout-4 wp-block-buttons-is-layout-flex\">\n<div class=\"wp-block-button has-custom-width wp-block-button__width-100\"><a class=\"wp-block-button__link has-white-color has-text-color has-background no-border-radius wp-element-button\" style=\"background-color:#000000\">M31-M42<\/a><\/div>\n<\/div>\n<\/div>\n<\/div>\n","protected":false},"excerpt":{"rendered":"<p>Introduction Projet Archean Le Projet Archean consiste en la mise en service progressive d&#8217;un processus de production brevet\u00e9 compos\u00e9 de deux lignes de production: Culture de micro-algues La culture de micro-algues en environnement control\u00e9 permet de consomm\u00e9 les nutriments contenus dans les \u00e9ffluents liquides. Le cycle de culture semi-continu permet une production \u00e0 rendement optimal&#8230;.<\/p>\n","protected":false},"author":1,"featured_media":687,"parent":0,"menu_order":0,"comment_status":"closed","ping_status":"closed","template":"","meta":{"_kadence_starter_templates_imported_post":true,"_kad_post_transparent":"","_kad_post_title":"hide","_kad_post_layout":"default","_kad_post_sidebar_id":"","_kad_post_content_style":"unboxed","_kad_post_vertical_padding":"hide","_kad_post_feature":"hide","_kad_post_feature_position":"","_kad_post_header":false,"_kad_post_footer":false,"footnotes":""},"class_list":["post-105","page","type-page","status-publish","has-post-thumbnail","hentry"],"_links":{"self":[{"href":"https:\/\/algae-culture.fr\/index.php?rest_route=\/wp\/v2\/pages\/105"}],"collection":[{"href":"https:\/\/algae-culture.fr\/index.php?rest_route=\/wp\/v2\/pages"}],"about":[{"href":"https:\/\/algae-culture.fr\/index.php?rest_route=\/wp\/v2\/types\/page"}],"author":[{"embeddable":true,"href":"https:\/\/algae-culture.fr\/index.php?rest_route=\/wp\/v2\/users\/1"}],"replies":[{"embeddable":true,"href":"https:\/\/algae-culture.fr\/index.php?rest_route=%2Fwp%2Fv2%2Fcomments&post=105"}],"version-history":[{"count":38,"href":"https:\/\/algae-culture.fr\/index.php?rest_route=\/wp\/v2\/pages\/105\/revisions"}],"predecessor-version":[{"id":906,"href":"https:\/\/algae-culture.fr\/index.php?rest_route=\/wp\/v2\/pages\/105\/revisions\/906"}],"wp:featuredmedia":[{"embeddable":true,"href":"https:\/\/algae-culture.fr\/index.php?rest_route=\/wp\/v2\/media\/687"}],"wp:attachment":[{"href":"https:\/\/algae-culture.fr\/index.php?rest_route=%2Fwp%2Fv2%2Fmedia&parent=105"}],"curies":[{"name":"wp","href":"https:\/\/api.w.org\/{rel}","templated":true}]}}